{"id":1482,"date":"2020-10-21T22:25:08","date_gmt":"2020-10-21T20:25:08","guid":{"rendered":"https:\/\/gsoker.de\/?page_id=1482"},"modified":"2022-05-17T08:44:28","modified_gmt":"2022-05-17T06:44:28","slug":"eltern","status":"publish","type":"page","link":"https:\/\/gsoker.de\/?page_id=1482","title":{"rendered":"Eltern"},"content":{"rendered":"\n<p>Auf diesen Seiten m\u00f6chten wir Sie in Zukunft \u00fcber die Arbeit unseres Elternf\u00f6rdervereins und \u00fcber Themen informieren, die Eltern und Erziehungsberechtigte interessieren. <\/p>\n\n\n\n<p>Wir freuen uns \u00fcber Anregungen und Ideen, wie Sie als Eltern und Erziehungsberechtigte an und in unserer Schule mitwirken m\u00f6chten. Schreiben Sie und doch an gsoker@goslar.de und wir sammeln Ihre Ideen. Ihre Anregungen k\u00f6nnen wir im Team besprechen und ggf. auf Sie zukommen.<\/p>\n\n\n\n<p>Es w\u00e4re wirklich gro\u00dfartig, wenn Sie uns Ihre Emailadressen zukommen lassen k\u00f6nnten &#8211; falls Sie eine haben. Das erleichtert im Alltag manche Kommunikation.<\/p>\n\n\n\n<p>Die Informationen \u00fcber unseren Elternf\u00f6rderverein und ein Beitrittsformular sind vor den Herbstferien an alle Familien verteilt worden. Wir w\u00fcrden uns freuen, wenn Sie unserem Verein beitreten. Alle Beitr\u00e4ge werden ausschlie\u00dflich f\u00fcr unsere Schulkinder\/ Ihre Kinder genutzt. Nur so k\u00f6nnen wir gr\u00f6\u00dfere Projekte durchf\u00fchren.<\/p>\n\n\n\n<p><strong>Bitte unterst\u00fctzen Sie unsere Schule und die Arbeit an unserer Schule!<\/strong><\/p>\n\n\n\n<p>Hier k\u00f6nnen Sie sich den Informationsbrief \u00fcber die Arbeit des Elternf\u00f6rdervereins und eine Beitrittserkl\u00e4rung herunterladen. Sie k\u00f6nnen Ihre Beitrittserkl\u00e4rung auch Ihrem Kind mit in die Schule geben &#8211; wir leiten sie dann weiter.<\/p>\n\n\n<a  data-e-Disable-Page-Transition=\"true\" class=\"download-link\" title=\"\" href=\"https:\/\/gsoker.de?download=2742&amp;tmstv=1777815650\" rel=\"nofollow\" id=\"download-link-2742\" data-redirect=\"false\" >\n\tEinladung zum Vortrag 'Lebensmelodien...' Stadtelternrat\t(3932 Downloads\t)\n<\/a>\n\n\n\n\n<p><\/p>\n\n\n<a  data-e-Disable-Page-Transition=\"true\" class=\"download-link\" title=\"\" href=\"https:\/\/gsoker.de?download=1496&amp;tmstv=1777815650\" rel=\"nofollow\" id=\"download-link-1496\" data-redirect=\"false\" >\n\tInformationsbrief zum Elternverein\t(2409 Downloads\t)\n<\/a>\n\n\n\n\n<p><\/p>\n\n\n<a  data-e-Disable-Page-Transition=\"true\" class=\"download-link\" title=\"\" href=\"https:\/\/gsoker.de?download=1500&amp;tmstv=1777815650\" rel=\"nofollow\" id=\"download-link-1500\" data-redirect=\"false\" >\n\tBeitrittserkl\u00e4rung\t(2397 Downloads\t)\n<\/a>\n\n","protected":false},"excerpt":{"rendered":"<p>Auf diesen Seiten m\u00f6chten wir Sie in Zukunft \u00fcber die Arbeit unseres Elternf\u00f6rdervereins und \u00fcber Themen informieren, die Eltern und &hellip; <\/p>\n","protected":false},"author":1,"featured_media":730,"parent":0,"menu_order":0,"comment_status":"closed","ping_status":"closed","template":"","meta":{"footnotes":""},"class_list":["post-1482","page","type-page","status-publish","has-post-thumbnail","hentry"],"_links":{"self":[{"href":"https:\/\/gsoker.de\/index.php?rest_route=\/wp\/v2\/pages\/1482","targetHints":{"allow":["GET"]}}],"collection":[{"href":"https:\/\/gsoker.de\/index.php?rest_route=\/wp\/v2\/pages"}],"about":[{"href":"https:\/\/gsoker.de\/index.php?rest_route=\/wp\/v2\/types\/page"}],"author":[{"embeddable":true,"href":"https:\/\/gsoker.de\/index.php?rest_route=\/wp\/v2\/users\/1"}],"replies":[{"embeddable":true,"href":"https:\/\/gsoker.de\/index.php?rest_route=%2Fwp%2Fv2%2Fcomments&post=1482"}],"version-history":[{"count":10,"href":"https:\/\/gsoker.de\/index.php?rest_route=\/wp\/v2\/pages\/1482\/revisions"}],"predecessor-version":[{"id":2747,"href":"https:\/\/gsoker.de\/index.php?rest_route=\/wp\/v2\/pages\/1482\/revisions\/2747"}],"wp:featuredmedia":[{"embeddable":true,"href":"https:\/\/gsoker.de\/index.php?rest_route=\/wp\/v2\/media\/730"}],"wp:attachment":[{"href":"https:\/\/gsoker.de\/index.php?rest_route=%2Fwp%2Fv2%2Fmedia&parent=1482"}],"curies":[{"name":"wp","href":"https:\/\/api.w.org\/{rel}","templated":true}]}}