{"id":753,"date":"2020-04-29T19:30:50","date_gmt":"2020-04-29T19:30:50","guid":{"rendered":"http:\/\/grundschule-oker.de\/?page_id=753"},"modified":"2020-05-05T21:20:11","modified_gmt":"2020-05-05T20:20:11","slug":"datenschutzerklaerung","status":"publish","type":"page","link":"https:\/\/gsoker.de\/?page_id=753","title":{"rendered":"Datenschutzerkl\u00e4rung"},"content":{"rendered":"\n<h2 class=\"wp-block-heading\">Verantwortlicher<\/h2>\n\n\n\n<p>Wir freuen uns, dass Sie die Webseite der Grundschule Oker -Grundschule und F\u00f6rderschule, Schwerpunkt Sprache-, Wolfenb\u00fcttler Stra\u00dfe 51, 38642 Goslar, gsoker@goslar.de besuchen. In dieser Datenschutzerkl\u00e4rung informieren wir Sie \u00fcber die Verarbeitung Ihrer personenbezogenen Daten durch die Grundschule Oker im Zusammenhang mit Ihrem Besuch unserer Webseite<\/p>\n\n\n\n<h2 class=\"wp-block-heading\">Verarbeitung personenbezogener Daten<\/h2>\n\n\n\n<h3 class=\"wp-block-heading\">Protokolldateien<\/h3>\n\n\n\n<p>Bei Ihrem Besuch auf unserer Webseite werden Protokolldateien von Ihnen verarbeitet. Diese lassen keinen R\u00fcckschluss auf Ire Person zu. Dieses sind im Einzelnen:<\/p>\n\n\n\n<p>(1) Datum und Uhrzeit des Zugriffes<br>(2) Vom System protokollierte Fehler beim Aufruf unserer Seiten<br>(3) Die IP-Adresse des Nutzers<br>(4) Die Betriebssystemversion des Nutzers<br>(5) Der Browsertyp des Nutzers<br>(6) Die vom Nutzer aufgerufene Seite<br>(7) Die Weiterleitung auf eine externe Seiten<\/p>\n\n\n\n<p>Rechtsgrundlage f\u00fcr die vor\u00fcbergehende Speicherung der Daten ist Art. 6 Abs.1 lit.f DSGVO.<\/p>\n\n\n\n<p>Die Daten werden in den Logfiles gespeichert. Eine Speicherung dieser Daten zusammen mit anderen personenbezogenen Daten des Nutzers findet nicht statt. Zweck der Datenspeicherung ist technische Optimierung unserer Internetseite. Die Daten werden f\u00fcr 52 Wochen gespeichert, sie werden lediglich statistisch ausgewertet. Danach werden sie gel\u00f6scht.<\/p>\n\n\n\n<h3 class=\"wp-block-heading\">Kontaktformular<\/h3>\n\n\n\n<p>Sie k\u00f6nnen per Kontaktformular Kontakt mit uns aufnehmen. Wenn Sie dieses tun, verarbeiten wir folgene Daten verpflichtend: Name, E-mail, Betreff, Ihre Nachricht.<\/p>\n\n\n\n<p>Diese Daten werden verarbeitet, umd mit Ihnen in Kontakt zu treten und Ihre Anfrage zu bearbeiten.<\/p>\n\n\n\n<p>Ihre Daten werden gel\u00f6scht, wenn wir Ihre Anfrage beantwortet haben, sofern keine anderen Aufbewahrungsfristen entgegenstehen.<\/p>\n\n\n\n<h3 class=\"wp-block-heading\">Datenweitergabe<\/h3>\n\n\n\n<p>Eine Weitergabe Ihrer personenbezogenen Daten an Dritte erfolgt nur, soweit es zur Bearbeitunt Ihres Vorgangs notwendig ist.<\/p>\n\n\n\n<h2 class=\"wp-block-heading\">Einsatz von Cookies<\/h2>\n\n\n\n<p>Auf dieser Webseite werden Cookies eingesetzt. Cookies sind Textdateien, die Informationen \u00fcber Ihren Besuch speichern. Wir nutzen Cookies nur, um die Funktionalit\u00e4t dieser Webseite (Funktionscookies) zu gew\u00e4hrleisten (vgl. Art. 6 Abs. 1 lit. b DSGVO).<\/p>\n\n\n\n<p>Beim Anmelden in WordPress werden Cookies eingerichtet, um die Anmeldeinformationen und Anzeigeoptionen zu speichern. Anmelde-Cookies verfallen nach zwei Tagen und Cookies f\u00fcr die Anzeigeoptionen nach einem Jahr. Falls Sie bei der Anmeldung \u201eAngemeldet bleiben\u201c ausgew\u00e4hlt haben, wird Ihre Anmeldung zwei Wochen lang aufrechterhalten. Mit der Abmeldung aus Ihrem Konto werden die Anmelde-Cookies gel\u00f6scht.<\/p>\n\n\n\n<p>Auf dieser Webseite werden keine Trackingcookies eingesetzt.<\/p>\n\n\n\n<h2 class=\"wp-block-heading\">Medien<\/h2>\n\n\n\n<p><br>Wenn Sie ein registrierter Benutzer sind und Fotos auf diese Website laden, sollten Sie vermeiden Fotos mit einer EXIF-GPS-Standort hochzuladen. Besucher dieser Website k\u00f6nnten Fotos, die auf dieser Website gespeichert sind, herunterladen und deren Standort-Informationen extrahieren.<\/p>\n\n\n\n<h2 class=\"wp-block-heading\"><strong>Eingebettete Inhalte anderer Websites<\/strong><\/h2>\n\n\n\n<p>Beitr\u00e4ge auf dieser Website k\u00f6nnen eingebettete Inhalte beinhalten (z. B. Videos, Bilder, Beitr\u00e4ge etc.). Eingebettete Inhalte von anderen Websites verhalten sich exakt so, als ob der Besucher die andere Website besucht h\u00e4tte.<br>Diese Websites k\u00f6nnen Daten \u00fcber Sie sammeln, Cookies benutzen, zus\u00e4tzliche Tracking-Dienste von Dritten einbetten und Ihre Interaktion mit diesem eingebetteten Inhalt aufzeichnen, inklusive Ihrer Interaktion mit dem eingebetteten Inhalt, falls Sie ein Konto haben und auf dieser Website angemeldet sind.\u201c<\/p>\n\n\n\n<h2 class=\"wp-block-heading\">Ihre Rechte<\/h2>\n\n\n\n<p>Sie k\u00f6nnen folgende Rechte geltend machen:<\/p>\n\n\n\n<p>\u2022 Auskunft\/ Akteneinsicht<br>Gem. Art. 15 DSGVO haben Sie das Recht, Auskunft bzw. Akteneinsicht \u00fcber die von uns verarbeiteten personenbezogenen Daten zu erhalten.<\/p>\n\n\n\n<p>\u2022 Berichtigung<br>Sind bei uns gespeicherte personenbezogene Daten unrichtig oder unvollst\u00e4ndig, haben Sie gem. Art. 16 DSGVO das Recht, diese berichtigen bzw. vervollst\u00e4ndigen zu lassen.<\/p>\n\n\n\n<p>\u2022 L\u00f6schung<br>Art. 17 DSGVO normiert das Recht auf L\u00f6schung personenbezogener Daten. Dieses Recht steht Ihnen insbesondere dann zu, wenn die Speicherung der personenbezogenen Daten zur Erf\u00fcllung unserer gesetzlichen Aufgaben nicht mehr erforderlich ist oder Sie Ihre Einwilligung zur Datenverarbeitung mit Wirkung f\u00fcr die Zukunft widerrufen haben.<\/p>\n\n\n\n<p>\u2022 Einschr\u00e4nkung der Verarbeitung<br>Gem. Art. 18 DSGVO k\u00f6nnen Sie die Einschr\u00e4nkung der personenbezogenen Daten verlangen, wenn<br>\u2013 die Richtigkeit der Daten von Ihnen bestritten wird<br>\u2013 die Verarbeitung unrechtm\u00e4\u00dfig ist, Sie aber deren L\u00f6schung ablehnen<br>\u2013 wir die Daten nicht mehr ben\u00f6tigen, Sie jedoch diese zur Geltendmachung, Aus\u00fcbung oder Verteidigung von Rechtsanspr\u00fcchen ben\u00f6tigen<br>\u2013 oder Sie gem\u00e4\u00df Art. 21 DSGVO Widerspruch gegen die Verarbeitung eingelegt haben<\/p>\n\n\n\n<p>\u2022 Widerspruch<br>Sie k\u00f6nnen bei Gr\u00fcnden, die sich aus Ihrer besonderen Situation ergeben, ein Widerspruchsrecht geltend machen. Gem. Art. 21 DSGVO ist jedoch zu ber\u00fccksichtigten, ob schutzw\u00fcrdige Gr\u00fcnde f\u00fcr die Verarbeitung vorliegen oder die Verarbeitung der Geltendmachung, Aus\u00fcbung oder Verteidigung von Rechtsanspr\u00fcchen dient.<\/p>\n\n\n\n<p>\u2022 Daten\u00fcbertragbarkeit<br>Ist die Verarbeitung Ihrer Daten mit Hilfe eines automatisierten Verfahrens erfolgt, haben Sie gem. Art. 20 DSGVO das Recht, die Daten in einem g\u00e4ngigen und maschinenlesbaren Format zu erhalten und an eine andere Schule zu \u00fcbermitteln bzw. durch uns \u00fcbermitteln zu lassen.<\/p>\n\n\n\n<p>\u2022 Widerruf der Einwilligung<br>Sie haben gem. Art. 7 Absatz 3 DSGVO das Recht, uns erteilte Einwilligungen jederzeit mit Wirkung f\u00fcr die Zukunft zu widerrufen.<\/p>\n\n\n\n<p>\u2022 Beschwerde<br>Art. 77 DSGVO normiert ein Beschwerderecht bei der Aufsichtsbeh\u00f6rde. Die f\u00fcr uns zust\u00e4ndige Aufsichtsbeh\u00f6rde ist die Landesbeauftragte f\u00fcr den Datenschutz Niedersachsen, Prinzenstra\u00dfe 5, 30159 Hannover. E-Mail: poststelle@lfd.niedersachsen.de<\/p>\n\n\n\n<p>Ihren Ansprechpartner f\u00fcr die Aus\u00fcbung Ihrer Rechte erreichen Sie unter der E-Mail gsoker@goslar.de<\/p>\n\n\n\n<h2 class=\"wp-block-heading\">Datenschutzbeauftrage(r)<\/h2>\n\n\n\n<p>Unsere Datenschutzbeauftragte steht Ihnen f\u00fcr datenschutzbezogene Anliegen gerne zur Verf\u00fcgung<\/p>\n\n\n\n<p>Carina Uehre<br>Tel.: 05321 64 798<br>E-Mail: gsoker@goslar.de<\/p>\n","protected":false},"excerpt":{"rendered":"<p>Verantwortlicher Wir freuen uns, dass Sie die Webseite der Grundschule Oker -Grundschule und F\u00f6rderschule, Schwerpunkt Sprache-, Wolfenb\u00fcttler Stra\u00dfe 51, 38642 &hellip; <\/p>\n","protected":false},"author":1,"featured_media":624,"parent":0,"menu_order":0,"comment_status":"closed","ping_status":"closed","template":"","meta":{"footnotes":""},"class_list":["post-753","page","type-page","status-publish","has-post-thumbnail","hentry"],"_links":{"self":[{"href":"https:\/\/gsoker.de\/index.php?rest_route=\/wp\/v2\/pages\/753","targetHints":{"allow":["GET"]}}],"collection":[{"href":"https:\/\/gsoker.de\/index.php?rest_route=\/wp\/v2\/pages"}],"about":[{"href":"https:\/\/gsoker.de\/index.php?rest_route=\/wp\/v2\/types\/page"}],"author":[{"embeddable":true,"href":"https:\/\/gsoker.de\/index.php?rest_route=\/wp\/v2\/users\/1"}],"replies":[{"embeddable":true,"href":"https:\/\/gsoker.de\/index.php?rest_route=%2Fwp%2Fv2%2Fcomments&post=753"}],"version-history":[{"count":1,"href":"https:\/\/gsoker.de\/index.php?rest_route=\/wp\/v2\/pages\/753\/revisions"}],"predecessor-version":[{"id":754,"href":"https:\/\/gsoker.de\/index.php?rest_route=\/wp\/v2\/pages\/753\/revisions\/754"}],"wp:featuredmedia":[{"embeddable":true,"href":"https:\/\/gsoker.de\/index.php?rest_route=\/wp\/v2\/media\/624"}],"wp:attachment":[{"href":"https:\/\/gsoker.de\/index.php?rest_route=%2Fwp%2Fv2%2Fmedia&parent=753"}],"curies":[{"name":"wp","href":"https:\/\/api.w.org\/{rel}","templated":true}]}}